{"id":19466,"date":"2025-02-17T22:48:18","date_gmt":"2025-02-17T21:48:18","guid":{"rendered":"https:\/\/tempoclub.es\/the-terrace\/"},"modified":"2025-05-05T17:41:09","modified_gmt":"2025-05-05T15:41:09","slug":"the-terrace","status":"publish","type":"page","link":"https:\/\/tempoclub.es\/en\/the-terrace\/","title":{"rendered":"The Terrace"},"content":{"rendered":"\t\t<div data-elementor-type=\"wp-page\" data-elementor-id=\"19466\" class=\"elementor elementor-19466 elementor-189\" data-elementor-post-type=\"page\">\n\t\t\t\t\t\t<section class=\"elementor-section elementor-top-section elementor-element elementor-element-7cddbe7a elementor-section-full_width elementor-section-height-default elementor-section-height-default\" data-id=\"7cddbe7a\" data-element_type=\"section\" data-settings=\"{&quot;background_background&quot;:&quot;classic&quot;}\">\n\t\t\t\t\t\t\t<div class=\"elementor-background-overlay\"><\/div>\n\t\t\t\t\t\t\t<div class=\"elementor-container elementor-column-gap-no\">\n\t\t\t\t\t<div class=\"elementor-column elementor-col-100 elementor-top-column elementor-element elementor-element-7f6a069d\" data-id=\"7f6a069d\" data-element_type=\"column\">\n\t\t\t<div class=\"elementor-widget-wrap elementor-element-populated\">\n\t\t\t\t\t\t<section class=\"elementor-section elementor-inner-section elementor-element elementor-element-31b2d439 elementor-section-boxed elementor-section-height-default elementor-section-height-default\" data-id=\"31b2d439\" data-element_type=\"section\">\n\t\t\t\t\t\t<div class=\"elementor-container elementor-column-gap-no\">\n\t\t\t\t\t<div class=\"elementor-column elementor-col-100 elementor-inner-column elementor-element elementor-element-50b54145\" data-id=\"50b54145\" data-element_type=\"column\">\n\t\t\t<div class=\"elementor-widget-wrap elementor-element-populated\">\n\t\t\t\t\t\t<div class=\"elementor-element elementor-element-1d172485 elementor-invisible elementor-widget elementor-widget-heading\" data-id=\"1d172485\" data-element_type=\"widget\" data-settings=\"{&quot;_animation&quot;:&quot;fadeInUp&quot;}\" data-widget_type=\"heading.default\">\n\t\t\t\t<div class=\"elementor-widget-container\">\n\t\t\t\t\t<h1 class=\"elementor-heading-title elementor-size-default\">The Terrace<\/h1>\t\t\t\t<\/div>\n\t\t\t\t<\/div>\n\t\t\t\t<div class=\"elementor-element elementor-element-31b86914 elementor-absolute elementor-invisible elementor-widget elementor-widget-heading\" data-id=\"31b86914\" data-element_type=\"widget\" data-settings=\"{&quot;_animation&quot;:&quot;fadeInUp&quot;,&quot;_position&quot;:&quot;absolute&quot;}\" data-widget_type=\"heading.default\">\n\t\t\t\t<div class=\"elementor-widget-container\">\n\t\t\t\t\t<h2 class=\"elementor-heading-title elementor-size-default\">Tempo Club<\/h2>\t\t\t\t<\/div>\n\t\t\t\t<\/div>\n\t\t\t\t\t<\/div>\n\t\t<\/div>\n\t\t\t\t\t<\/div>\n\t\t<\/section>\n\t\t\t\t\t<\/div>\n\t\t<\/div>\n\t\t\t\t\t<\/div>\n\t\t<\/section>\n\t\t\t\t<section class=\"elementor-section elementor-top-section elementor-element elementor-element-8fd0fe3 elementor-section-boxed elementor-section-height-default elementor-section-height-default\" data-id=\"8fd0fe3\" data-element_type=\"section\">\n\t\t\t\t\t\t<div class=\"elementor-container elementor-column-gap-no\">\n\t\t\t\t\t<div class=\"elementor-column elementor-col-100 elementor-top-column elementor-element elementor-element-b2cf77c\" data-id=\"b2cf77c\" data-element_type=\"column\">\n\t\t\t<div class=\"elementor-widget-wrap elementor-element-populated\">\n\t\t\t\t\t\t<section class=\"elementor-section elementor-inner-section elementor-element elementor-element-3962d00 elementor-section-boxed elementor-section-height-default elementor-section-height-default\" data-id=\"3962d00\" data-element_type=\"section\">\n\t\t\t\t\t\t<div class=\"elementor-container elementor-column-gap-default\">\n\t\t\t\t\t<div class=\"elementor-column elementor-col-100 elementor-inner-column elementor-element elementor-element-b9d8246\" data-id=\"b9d8246\" data-element_type=\"column\">\n\t\t\t<div class=\"elementor-widget-wrap elementor-element-populated\">\n\t\t\t\t\t\t<div class=\"elementor-element elementor-element-b894767 elementor-widget__width-initial elementor-widget-divider--view-line elementor-widget elementor-widget-divider\" data-id=\"b894767\" data-element_type=\"widget\" data-widget_type=\"divider.default\">\n\t\t\t\t<div class=\"elementor-widget-container\">\n\t\t\t\t\t\t\t<div class=\"elementor-divider\">\n\t\t\t<span class=\"elementor-divider-separator\">\n\t\t\t\t\t\t<\/span>\n\t\t<\/div>\n\t\t\t\t\t\t<\/div>\n\t\t\t\t<\/div>\n\t\t\t\t<div class=\"elementor-element elementor-element-b07bbf6 elementor-widget__width-initial elementor-widget-divider--view-line elementor-widget elementor-widget-divider\" data-id=\"b07bbf6\" data-element_type=\"widget\" data-widget_type=\"divider.default\">\n\t\t\t\t<div class=\"elementor-widget-container\">\n\t\t\t\t\t\t\t<div class=\"elementor-divider\">\n\t\t\t<span class=\"elementor-divider-separator\">\n\t\t\t\t\t\t<\/span>\n\t\t<\/div>\n\t\t\t\t\t\t<\/div>\n\t\t\t\t<\/div>\n\t\t\t\t<div class=\"elementor-element elementor-element-abb4074 elementor-widget__width-initial elementor-widget-divider--view-line elementor-widget elementor-widget-divider\" data-id=\"abb4074\" data-element_type=\"widget\" data-widget_type=\"divider.default\">\n\t\t\t\t<div class=\"elementor-widget-container\">\n\t\t\t\t\t\t\t<div class=\"elementor-divider\">\n\t\t\t<span class=\"elementor-divider-separator\">\n\t\t\t\t\t\t<\/span>\n\t\t<\/div>\n\t\t\t\t\t\t<\/div>\n\t\t\t\t<\/div>\n\t\t\t\t\t<\/div>\n\t\t<\/div>\n\t\t\t\t\t<\/div>\n\t\t<\/section>\n\t\t\t\t<section class=\"elementor-section elementor-inner-section elementor-element elementor-element-5e70688 elementor-section-full_width elementor-section-height-default elementor-section-height-default\" data-id=\"5e70688\" data-element_type=\"section\">\n\t\t\t\t\t\t<div class=\"elementor-container elementor-column-gap-no\">\n\t\t\t\t\t<div class=\"elementor-column elementor-col-100 elementor-inner-column elementor-element elementor-element-5c7f415\" data-id=\"5c7f415\" data-element_type=\"column\">\n\t\t\t<div class=\"elementor-widget-wrap elementor-element-populated\">\n\t\t\t\t\t\t<div class=\"elementor-element elementor-element-e7f1fbc elementor-widget elementor-widget-heading\" data-id=\"e7f1fbc\" data-element_type=\"widget\" data-widget_type=\"heading.default\">\n\t\t\t\t<div class=\"elementor-widget-container\">\n\t\t\t\t\t<h2 class=\"elementor-heading-title elementor-size-default\">THE TERRACE<\/h2>\t\t\t\t<\/div>\n\t\t\t\t<\/div>\n\t\t\t\t<div class=\"elementor-element elementor-element-e867306 elementor-widget elementor-widget-image\" data-id=\"e867306\" data-element_type=\"widget\" data-widget_type=\"image.default\">\n\t\t\t\t<div class=\"elementor-widget-container\">\n\t\t\t\t\t\t\t\t\t\t\t\t\t\t\t<img fetchpriority=\"high\" decoding=\"async\" width=\"800\" height=\"533\" src=\"https:\/\/tempoclub.es\/wp-content\/uploads\/2025\/02\/Tempo_Lounge_8-800x5331-1.jpg\" class=\"attachment-large size-large wp-image-17993\" alt=\"\" srcset=\"https:\/\/tempoclub.es\/wp-content\/uploads\/2025\/02\/Tempo_Lounge_8-800x5331-1.jpg 800w, https:\/\/tempoclub.es\/wp-content\/uploads\/2025\/02\/Tempo_Lounge_8-800x5331-1-300x200.jpg 300w, https:\/\/tempoclub.es\/wp-content\/uploads\/2025\/02\/Tempo_Lounge_8-800x5331-1-768x512.jpg 768w\" sizes=\"(max-width: 800px) 100vw, 800px\" \/>\t\t\t\t\t\t\t\t\t\t\t\t\t\t\t<\/div>\n\t\t\t\t<\/div>\n\t\t\t\t<div class=\"elementor-element elementor-element-f5dbe1a elementor-widget elementor-widget-text-editor\" data-id=\"f5dbe1a\" data-element_type=\"widget\" data-widget_type=\"text-editor.default\">\n\t\t\t\t<div class=\"elementor-widget-container\">\n\t\t\t\t\t\t\t\t\t<p>\u201cLocated next to Plaza de Espa\u00f1a, elevated above Calle Princesa, free from traffic and surrounded by greenery, our terrace is the perfect spot to enjoy both our cocktails and our fun, delicious food.<\/p><p><strong>Opening Hours<\/strong><\/p><p>Mon-Thurs 5:00PM &#8211; 00:00AM<\/p><p>Fri and Sat 5:00PM &#8211; 01:00AM<\/p>\t\t\t\t\t\t\t\t<\/div>\n\t\t\t\t<\/div>\n\t\t\t\t\t<\/div>\n\t\t<\/div>\n\t\t\t\t\t<\/div>\n\t\t<\/section>\n\t\t\t\t\t<\/div>\n\t\t<\/div>\n\t\t\t\t\t<\/div>\n\t\t<\/section>\n\t\t\t\t<section class=\"elementor-section elementor-top-section elementor-element elementor-element-b87dd3e elementor-section-boxed elementor-section-height-default elementor-section-height-default\" data-id=\"b87dd3e\" data-element_type=\"section\">\n\t\t\t\t\t\t<div class=\"elementor-container elementor-column-gap-no\">\n\t\t\t\t\t<div class=\"elementor-column elementor-col-100 elementor-top-column elementor-element elementor-element-3d0f68a\" data-id=\"3d0f68a\" data-element_type=\"column\">\n\t\t\t<div class=\"elementor-widget-wrap elementor-element-populated\">\n\t\t\t\t\t\t<section class=\"elementor-section elementor-inner-section elementor-element elementor-element-6a9eb5d elementor-section-boxed elementor-section-height-default elementor-section-height-default\" data-id=\"6a9eb5d\" data-element_type=\"section\">\n\t\t\t\t\t\t<div class=\"elementor-container elementor-column-gap-default\">\n\t\t\t\t\t<div class=\"elementor-column elementor-col-100 elementor-inner-column elementor-element elementor-element-1008588\" data-id=\"1008588\" data-element_type=\"column\">\n\t\t\t<div class=\"elementor-widget-wrap elementor-element-populated\">\n\t\t\t\t\t\t<div class=\"elementor-element elementor-element-0dacfee elementor-widget__width-initial elementor-widget-divider--view-line elementor-widget elementor-widget-divider\" data-id=\"0dacfee\" data-element_type=\"widget\" data-widget_type=\"divider.default\">\n\t\t\t\t<div class=\"elementor-widget-container\">\n\t\t\t\t\t\t\t<div class=\"elementor-divider\">\n\t\t\t<span class=\"elementor-divider-separator\">\n\t\t\t\t\t\t<\/span>\n\t\t<\/div>\n\t\t\t\t\t\t<\/div>\n\t\t\t\t<\/div>\n\t\t\t\t<div class=\"elementor-element elementor-element-cc779ba elementor-widget__width-initial elementor-widget-divider--view-line elementor-widget elementor-widget-divider\" data-id=\"cc779ba\" data-element_type=\"widget\" data-widget_type=\"divider.default\">\n\t\t\t\t<div class=\"elementor-widget-container\">\n\t\t\t\t\t\t\t<div class=\"elementor-divider\">\n\t\t\t<span class=\"elementor-divider-separator\">\n\t\t\t\t\t\t<\/span>\n\t\t<\/div>\n\t\t\t\t\t\t<\/div>\n\t\t\t\t<\/div>\n\t\t\t\t<div class=\"elementor-element elementor-element-2af08fd elementor-widget__width-initial elementor-widget-divider--view-line elementor-widget elementor-widget-divider\" data-id=\"2af08fd\" data-element_type=\"widget\" data-widget_type=\"divider.default\">\n\t\t\t\t<div class=\"elementor-widget-container\">\n\t\t\t\t\t\t\t<div class=\"elementor-divider\">\n\t\t\t<span class=\"elementor-divider-separator\">\n\t\t\t\t\t\t<\/span>\n\t\t<\/div>\n\t\t\t\t\t\t<\/div>\n\t\t\t\t<\/div>\n\t\t\t\t\t<\/div>\n\t\t<\/div>\n\t\t\t\t\t<\/div>\n\t\t<\/section>\n\t\t\t\t<section class=\"elementor-section elementor-inner-section elementor-element elementor-element-b12680a elementor-section-full_width elementor-section-height-default elementor-section-height-default\" data-id=\"b12680a\" data-element_type=\"section\">\n\t\t\t\t\t\t<div class=\"elementor-container elementor-column-gap-no\">\n\t\t\t\t\t<div class=\"elementor-column elementor-col-100 elementor-inner-column elementor-element elementor-element-eacb50e\" data-id=\"eacb50e\" data-element_type=\"column\">\n\t\t\t<div class=\"elementor-widget-wrap elementor-element-populated\">\n\t\t\t\t\t\t<div class=\"elementor-element elementor-element-5416c21 elementor-widget elementor-widget-heading\" data-id=\"5416c21\" data-element_type=\"widget\" data-widget_type=\"heading.default\">\n\t\t\t\t<div class=\"elementor-widget-container\">\n\t\t\t\t\t<h2 class=\"elementor-heading-title elementor-size-default\">MENU<\/h2>\t\t\t\t<\/div>\n\t\t\t\t<\/div>\n\t\t\t\t<div class=\"elementor-element elementor-element-7892d98 elementor-widget elementor-widget-text-editor\" data-id=\"7892d98\" data-element_type=\"widget\" data-widget_type=\"text-editor.default\">\n\t\t\t\t<div class=\"elementor-widget-container\">\n\t\t\t\t\t\t\t\t\t<p><strong>Ensaladilla Tempo. 12\u20ac <\/strong><br>Al\u00e9rgenos (Huevo, pescado, gluten)<\/p><p><strong>Ajo blanco con leche de coco y l\u00e1minas de calamar marinado<\/strong>. 12\u20ac<br>Al\u00e9rgenos (Pescado, soja, s\u00e9samo, moluscos, gluten) <\/p><p><strong>Panipuri de mejill\u00f3n tigre<\/strong> (4ud). 8\u20ac<br>Al\u00e9rgenos (l\u00e1cteos, apio, moluscos, gluten). <\/p><p><strong>Aceitunas rellenas de carne, rebozadas y fritas con emulsi\u00f3n de c\u00edtricos<\/strong> (8ud). 8\u20ac<br>Al\u00e9rgenos (Huevo, gluten). <\/p><p>Croquetas cremosas de Jam\u00f3n Ib\u00e9rico o Cecina (6ud). 12\u20ac<br>Al\u00e9rgenos (huevo, l\u00e1cteos, gluten). <\/p><p><strong>Bocadillo de calamares con alioli de lim\u00f3n en pan Bao (2ud)<\/strong>. 9\u20ac<br>Al\u00e9rgenos (Huevo, pescado, gluten) <\/p><p><strong>Brioche relleno de rabo de toro con salsa Bull (2ud<\/strong>). 9\u20ac<br>Al\u00e9rgenos (Huevo, soja, l\u00e1cteos, apio, sulfitos, gluten) <\/p><p><strong>Schiacciata de Pastrami con pepinillo, mostaza y r\u00facula<\/strong>. 9\u20ac<br>Al\u00e9rgenos (Huevos, mostaza, gluten). <\/p>\t\t\t\t\t\t\t\t<\/div>\n\t\t\t\t<\/div>\n\t\t\t\t<div class=\"elementor-element elementor-element-70914eb elementor-widget elementor-widget-text-editor\" data-id=\"70914eb\" data-element_type=\"widget\" data-widget_type=\"text-editor.default\">\n\t\t\t\t<div class=\"elementor-widget-container\">\n\t\t\t\t\t\t\t\t\t<p><strong>PIZZAS O PINZAS<\/strong><\/p><p>*Pinsa +1\u20ac. la Pinsa es una masa m\u00e1s esponjosa y ligera, con menos harina <\/p><p><strong>Margarita. Tomate San Marzano, Mozzarella Fior Di Latt<\/strong>e. 10\u20ac<br>Al\u00e9rgenos (l\u00e1cteos, gluten) <\/p><p><strong>Picante. Tomate San Marzano, Mozzarella Fior Di Latte, Salame picante<\/strong>. 12\u20ac<br>Al\u00e9rgenos (l\u00e1cteos, sulfitos, gluten)<\/p><p><strong>York. Tomate San Marzano, Mozzarella Fior Di Latte, Prosciutto<\/strong>. 12\u20ac<br>Allergens (dairy, gluten).<\/p><p><strong>Berenjena. Tomate San Marzano, Mozzarella Fior Di Latte, Crema de Berenjena a la llama, Parmesano y Miel<\/strong>. 12\u20ac<br>Allergens (dairy, gluten).<\/p><p><strong>Castiza. Tomate San Marzano, Mozzarella Fior Di Latte, Rabo de Toro, Pimiento Confitado <\/strong>. 15\u20ac<br>Al\u00e9rgenos (l\u00e1cteos, gluten)<\/p><p><strong>Ib\u00e1\u00f1ez. Tomate San Marzano, Mozzarella Fior Di Latte, Mortadela, pistacho y r\u00facula<\/strong>. 15\u20ac<br>Al\u00e9rgenos (l\u00e1cteos, sulfitos, frutos de cascara, gluten).<\/p>\t\t\t\t\t\t\t\t<\/div>\n\t\t\t\t<\/div>\n\t\t\t\t<div class=\"elementor-element elementor-element-e2e867d elementor-widget elementor-widget-image\" data-id=\"e2e867d\" data-element_type=\"widget\" data-widget_type=\"image.default\">\n\t\t\t\t<div class=\"elementor-widget-container\">\n\t\t\t\t\t\t\t\t\t\t\t\t\t\t\t<img decoding=\"async\" width=\"800\" height=\"271\" src=\"https:\/\/tempoclub.es\/wp-content\/uploads\/2025\/02\/alergenos-800x2711-1.jpg\" class=\"attachment-large size-large wp-image-17987\" alt=\"\" srcset=\"https:\/\/tempoclub.es\/wp-content\/uploads\/2025\/02\/alergenos-800x2711-1.jpg 800w, https:\/\/tempoclub.es\/wp-content\/uploads\/2025\/02\/alergenos-800x2711-1-300x102.jpg 300w, https:\/\/tempoclub.es\/wp-content\/uploads\/2025\/02\/alergenos-800x2711-1-768x260.jpg 768w\" sizes=\"(max-width: 800px) 100vw, 800px\" \/>\t\t\t\t\t\t\t\t\t\t\t\t\t\t\t<\/div>\n\t\t\t\t<\/div>\n\t\t\t\t\t<\/div>\n\t\t<\/div>\n\t\t\t\t\t<\/div>\n\t\t<\/section>\n\t\t\t\t\t<\/div>\n\t\t<\/div>\n\t\t\t\t\t<\/div>\n\t\t<\/section>\n\t\t\t\t<\/div>\n\t\t","protected":false},"excerpt":{"rendered":"<p>The Terrace Tempo Club THE TERRACE \u201cLocated next to Plaza de Espa\u00f1a, elevated above Calle Princesa, free from traffic and surrounded by greenery, our terrace is the perfect spot to [&hellip;]<\/p>\n","protected":false},"author":1,"featured_media":0,"parent":0,"menu_order":0,"comment_status":"closed","ping_status":"closed","template":"elementor_header_footer","meta":{"footnotes":""},"class_list":["post-19466","page","type-page","status-publish","hentry"],"yoast_head":"<!-- This site is optimized with the Yoast SEO plugin v27.2 - https:\/\/yoast.com\/product\/yoast-seo-wordpress\/ -->\n<title>The Terrace - Tempo Club<\/title>\n<meta name=\"robots\" content=\"index, follow, max-snippet:-1, max-image-preview:large, max-video-preview:-1\" \/>\n<link rel=\"canonical\" href=\"https:\/\/tempoclub.es\/en\/the-terrace\/\" \/>\n<meta property=\"og:locale\" content=\"en_US\" \/>\n<meta property=\"og:type\" content=\"article\" \/>\n<meta property=\"og:title\" content=\"The Terrace - Tempo Club\" \/>\n<meta property=\"og:description\" content=\"The Terrace Tempo Club THE TERRACE \u201cLocated next to Plaza de Espa\u00f1a, elevated above Calle Princesa, free from traffic and surrounded by greenery, our terrace is the perfect spot to [&hellip;]\" \/>\n<meta property=\"og:url\" content=\"https:\/\/tempoclub.es\/en\/the-terrace\/\" \/>\n<meta property=\"og:site_name\" content=\"Tempo Club\" \/>\n<meta property=\"article:modified_time\" content=\"2025-05-05T15:41:09+00:00\" \/>\n<meta property=\"og:image\" content=\"https:\/\/tempoclub.es\/wp-content\/uploads\/2025\/02\/Tempo_Lounge_8-800x5331-1.jpg\" \/>\n\t<meta property=\"og:image:width\" content=\"800\" \/>\n\t<meta property=\"og:image:height\" content=\"533\" \/>\n\t<meta property=\"og:image:type\" content=\"image\/jpeg\" \/>\n<meta name=\"twitter:card\" content=\"summary_large_image\" \/>\n<meta name=\"twitter:label1\" content=\"Est. reading time\" \/>\n\t<meta name=\"twitter:data1\" content=\"1 minute\" \/>\n<script type=\"application\/ld+json\" class=\"yoast-schema-graph\">{\"@context\":\"https:\/\/schema.org\",\"@graph\":[{\"@type\":\"WebPage\",\"@id\":\"https:\/\/tempoclub.es\/en\/the-terrace\/\",\"url\":\"https:\/\/tempoclub.es\/en\/the-terrace\/\",\"name\":\"The Terrace - Tempo Club\",\"isPartOf\":{\"@id\":\"https:\/\/tempoclub.es\/#website\"},\"primaryImageOfPage\":{\"@id\":\"https:\/\/tempoclub.es\/en\/the-terrace\/#primaryimage\"},\"image\":{\"@id\":\"https:\/\/tempoclub.es\/en\/the-terrace\/#primaryimage\"},\"thumbnailUrl\":\"https:\/\/tempoclub.es\/wp-content\/uploads\/2025\/02\/Tempo_Lounge_8-800x5331-1.jpg\",\"datePublished\":\"2025-02-17T21:48:18+00:00\",\"dateModified\":\"2025-05-05T15:41:09+00:00\",\"breadcrumb\":{\"@id\":\"https:\/\/tempoclub.es\/en\/the-terrace\/#breadcrumb\"},\"inLanguage\":\"en-US\",\"potentialAction\":[{\"@type\":\"ReadAction\",\"target\":[\"https:\/\/tempoclub.es\/en\/the-terrace\/\"]}]},{\"@type\":\"ImageObject\",\"inLanguage\":\"en-US\",\"@id\":\"https:\/\/tempoclub.es\/en\/the-terrace\/#primaryimage\",\"url\":\"https:\/\/tempoclub.es\/wp-content\/uploads\/2025\/02\/Tempo_Lounge_8-800x5331-1.jpg\",\"contentUrl\":\"https:\/\/tempoclub.es\/wp-content\/uploads\/2025\/02\/Tempo_Lounge_8-800x5331-1.jpg\"},{\"@type\":\"BreadcrumbList\",\"@id\":\"https:\/\/tempoclub.es\/en\/the-terrace\/#breadcrumb\",\"itemListElement\":[{\"@type\":\"ListItem\",\"position\":1,\"name\":\"Portada\",\"item\":\"https:\/\/tempoclub.es\/en\/\"},{\"@type\":\"ListItem\",\"position\":2,\"name\":\"The Terrace\"}]},{\"@type\":\"WebSite\",\"@id\":\"https:\/\/tempoclub.es\/#website\",\"url\":\"https:\/\/tempoclub.es\/\",\"name\":\"Tempo Club\",\"description\":\"\",\"publisher\":{\"@id\":\"https:\/\/tempoclub.es\/#organization\"},\"potentialAction\":[{\"@type\":\"SearchAction\",\"target\":{\"@type\":\"EntryPoint\",\"urlTemplate\":\"https:\/\/tempoclub.es\/?s={search_term_string}\"},\"query-input\":{\"@type\":\"PropertyValueSpecification\",\"valueRequired\":true,\"valueName\":\"search_term_string\"}}],\"inLanguage\":\"en-US\"},{\"@type\":\"Organization\",\"@id\":\"https:\/\/tempoclub.es\/#organization\",\"name\":\"Tempo Club\",\"url\":\"https:\/\/tempoclub.es\/\",\"logo\":{\"@type\":\"ImageObject\",\"inLanguage\":\"en-US\",\"@id\":\"https:\/\/tempoclub.es\/#\/schema\/logo\/image\/\",\"url\":\"https:\/\/tempoclub.es\/wp-content\/uploads\/2025\/02\/logo-tempo-club.png\",\"contentUrl\":\"https:\/\/tempoclub.es\/wp-content\/uploads\/2025\/02\/logo-tempo-club.png\",\"width\":1600,\"height\":200,\"caption\":\"Tempo Club\"},\"image\":{\"@id\":\"https:\/\/tempoclub.es\/#\/schema\/logo\/image\/\"}}]}<\/script>\n<!-- \/ Yoast SEO plugin. -->","yoast_head_json":{"title":"The Terrace - Tempo Club","robots":{"index":"index","follow":"follow","max-snippet":"max-snippet:-1","max-image-preview":"max-image-preview:large","max-video-preview":"max-video-preview:-1"},"canonical":"https:\/\/tempoclub.es\/en\/the-terrace\/","og_locale":"en_US","og_type":"article","og_title":"The Terrace - Tempo Club","og_description":"The Terrace Tempo Club THE TERRACE \u201cLocated next to Plaza de Espa\u00f1a, elevated above Calle Princesa, free from traffic and surrounded by greenery, our terrace is the perfect spot to [&hellip;]","og_url":"https:\/\/tempoclub.es\/en\/the-terrace\/","og_site_name":"Tempo Club","article_modified_time":"2025-05-05T15:41:09+00:00","og_image":[{"width":800,"height":533,"url":"https:\/\/tempoclub.es\/wp-content\/uploads\/2025\/02\/Tempo_Lounge_8-800x5331-1.jpg","type":"image\/jpeg"}],"twitter_card":"summary_large_image","twitter_misc":{"Est. reading time":"1 minute"},"schema":{"@context":"https:\/\/schema.org","@graph":[{"@type":"WebPage","@id":"https:\/\/tempoclub.es\/en\/the-terrace\/","url":"https:\/\/tempoclub.es\/en\/the-terrace\/","name":"The Terrace - Tempo Club","isPartOf":{"@id":"https:\/\/tempoclub.es\/#website"},"primaryImageOfPage":{"@id":"https:\/\/tempoclub.es\/en\/the-terrace\/#primaryimage"},"image":{"@id":"https:\/\/tempoclub.es\/en\/the-terrace\/#primaryimage"},"thumbnailUrl":"https:\/\/tempoclub.es\/wp-content\/uploads\/2025\/02\/Tempo_Lounge_8-800x5331-1.jpg","datePublished":"2025-02-17T21:48:18+00:00","dateModified":"2025-05-05T15:41:09+00:00","breadcrumb":{"@id":"https:\/\/tempoclub.es\/en\/the-terrace\/#breadcrumb"},"inLanguage":"en-US","potentialAction":[{"@type":"ReadAction","target":["https:\/\/tempoclub.es\/en\/the-terrace\/"]}]},{"@type":"ImageObject","inLanguage":"en-US","@id":"https:\/\/tempoclub.es\/en\/the-terrace\/#primaryimage","url":"https:\/\/tempoclub.es\/wp-content\/uploads\/2025\/02\/Tempo_Lounge_8-800x5331-1.jpg","contentUrl":"https:\/\/tempoclub.es\/wp-content\/uploads\/2025\/02\/Tempo_Lounge_8-800x5331-1.jpg"},{"@type":"BreadcrumbList","@id":"https:\/\/tempoclub.es\/en\/the-terrace\/#breadcrumb","itemListElement":[{"@type":"ListItem","position":1,"name":"Portada","item":"https:\/\/tempoclub.es\/en\/"},{"@type":"ListItem","position":2,"name":"The Terrace"}]},{"@type":"WebSite","@id":"https:\/\/tempoclub.es\/#website","url":"https:\/\/tempoclub.es\/","name":"Tempo Club","description":"","publisher":{"@id":"https:\/\/tempoclub.es\/#organization"},"potentialAction":[{"@type":"SearchAction","target":{"@type":"EntryPoint","urlTemplate":"https:\/\/tempoclub.es\/?s={search_term_string}"},"query-input":{"@type":"PropertyValueSpecification","valueRequired":true,"valueName":"search_term_string"}}],"inLanguage":"en-US"},{"@type":"Organization","@id":"https:\/\/tempoclub.es\/#organization","name":"Tempo Club","url":"https:\/\/tempoclub.es\/","logo":{"@type":"ImageObject","inLanguage":"en-US","@id":"https:\/\/tempoclub.es\/#\/schema\/logo\/image\/","url":"https:\/\/tempoclub.es\/wp-content\/uploads\/2025\/02\/logo-tempo-club.png","contentUrl":"https:\/\/tempoclub.es\/wp-content\/uploads\/2025\/02\/logo-tempo-club.png","width":1600,"height":200,"caption":"Tempo Club"},"image":{"@id":"https:\/\/tempoclub.es\/#\/schema\/logo\/image\/"}}]}},"_links":{"self":[{"href":"https:\/\/tempoclub.es\/en\/wp-json\/wp\/v2\/pages\/19466","targetHints":{"allow":["GET"]}}],"collection":[{"href":"https:\/\/tempoclub.es\/en\/wp-json\/wp\/v2\/pages"}],"about":[{"href":"https:\/\/tempoclub.es\/en\/wp-json\/wp\/v2\/types\/page"}],"author":[{"embeddable":true,"href":"https:\/\/tempoclub.es\/en\/wp-json\/wp\/v2\/users\/1"}],"replies":[{"embeddable":true,"href":"https:\/\/tempoclub.es\/en\/wp-json\/wp\/v2\/comments?post=19466"}],"version-history":[{"count":1,"href":"https:\/\/tempoclub.es\/en\/wp-json\/wp\/v2\/pages\/19466\/revisions"}],"predecessor-version":[{"id":19467,"href":"https:\/\/tempoclub.es\/en\/wp-json\/wp\/v2\/pages\/19466\/revisions\/19467"}],"wp:attachment":[{"href":"https:\/\/tempoclub.es\/en\/wp-json\/wp\/v2\/media?parent=19466"}],"curies":[{"name":"wp","href":"https:\/\/api.w.org\/{rel}","templated":true}]}}